{"id":367,"date":"2017-01-31T18:14:12","date_gmt":"2017-01-31T18:14:12","guid":{"rendered":"https:\/\/www.sonpenyaflor.com\/en\/the-estate\/restaurancion-sebastian-gamundi\/"},"modified":"2021-06-21T11:02:04","modified_gmt":"2021-06-21T11:02:04","slug":"restoration-sebastian-gamundi","status":"publish","type":"page","link":"https:\/\/www.sonpenyaflor.com\/en\/the-estate\/restoration-sebastian-gamundi\/","title":{"rendered":"Sebasti\u00e1n Gamund\u00ed"},"content":{"rendered":"<section class=\"l-section wpb_row height_auto\"><div class=\"l-section-h i-cf\"><div class=\"g-cols vc_row via_flex valign_top type_default stacking_default\"><div class=\"vc_col-sm-12 wpb_column vc_column_container\"><div class=\"vc_column-inner\"><div class=\"wpb_wrapper\"><div class=\"w-separator size_medium with_line width_screen thick_1 style_solid color_primary align_center with_text with_content\"><div class=\"w-separator-h\"><h6 class=\"w-separator-text\"><span>The restoration of Son Penyaflor is part of the work of the architect DR. Sebasti\u00e1n Gamund\u00ed<\/span><\/h6><\/div><\/div><div class=\"wpb_text_column\"><div class=\"wpb_wrapper\"><p>Sebasti\u00e1n Gamund\u00ed Boscana was the <strong>first architect from Llucmajor (Mallorca)<\/strong>, where he was born.<\/p>\n<p>He gained a PhD in architecture from the University of Barcelona and he bought the Son Penyaflor <em>possessi\u00f3<\/em> together with his wife.<\/p>\n<p><strong>Protecting the essence of the entire estate, he restored Son Penyaflor<\/strong> to turn it into a family home. And his design of the gardens highlighted the importance of the characteristic landscape of this area and ensured there were several places where you can enjoy being outside.<\/p>\n<p>His love of art led him to create <strongsculptures<\/strong and spend many hours <strongpainting<\/strong in both his studio and the gardens where several of his works are on display.\n\nThe <strong>agrotourism<\/strong> venture arose from the idea of taking part of the estate traditionally used for cattle and horses and maximising its huge potential. The restoration sought to enhance its rustic and picturesque character and <strong>give travellers the opportunity to discover the real Mallorca<\/strong>.<\/p>\n<p>At the Son Penyaflor Agrotourism, opened in March 1995, a permanent selection of his oil paintings, pastel drawings and watercolours are on display.<\/p>\n<p>Sebasti\u00e1n Gamund\u00ed was behind other restoration projects, many of them in emblematic buildings, such as the <strong>Cathedral of Palma de Mallorca and its Diocesan Museum<\/strong>.<\/p>\n<p>We remember some words dedicated to Sebasti\u00e1n Gamund\u00ed by the then Bishop of Mallorca, Mons. Teodoro \u00dabeda, which encourage and inspire us:<\/p>\n<p><em>\u201c\u2026our diocesan architect, who has been serving the Church of Mallorca with limitless generosity and an exceptional quality for more than 25 years and with whom I naturally have a very close friendship\u201d.<\/em><\/p>\n<p>He was the architect of the Diocese of Mallorca for over 40 years and when he was 80 he was honoured by the Vatican with the <em><strong>Pro Ecclesia et Pontifice<\/strong><\/em> medal in recognition of his work as a diocese architect and on the Cathedral of Mallorca.<\/p>\n<p><strong>Other distinctions and awards<\/strong> he received:<\/p>\n<ul>\n<li><strong><em>Sin Barreras<\/em> Award<\/strong> given by the <em>Island Council of Mallorca<\/em>, for the <em>Casal de Sant Pere i Sant Bernat<\/em> as a priests\u2019 residence (Palma, 2009).<\/li>\n<li><strong><em>Ciutat de Palma<\/em> Award<\/strong>, finalist for the restoration and adaptation of the <em>Casal de Sant Pere i Sant Bernat<\/em> as a priests\u2019 residence (Palma, 2002).<\/li>\n<li><strong><em>Sa Espigolera<\/em> Award<\/strong>, the highest honour given by the Council of Llucmajor (2001)<\/li>\n<li><strong><em>Ciutat de Palma<\/em> Award<\/strong>, first prize for the restoration of the Convent and Cloister of Santa Magdalena (Palma, 1988).<\/li>\n<li><strong>Tender contracts won and work performed<\/strong>:\n<ul>\n<li>Association of Quantity Surveyors of the Balearic Islands (Palma)<\/li>\n<li>Arenal Yacht Club (Llucmajor)<\/li>\n<\/ul>\n<\/li>\n<\/ul>\n<p>He used these words, which also underscored the way he saw life, to pass on the values to his family that still guide us today:<\/p>\n<p style=\"text-align: left;\"><em>\u201cMy focus in restoration is to respect the legacy of previous generations. I don\u2019t want my contribution to be the centre of attention. Instead I want it to simply blend in seamlessly so that it doesn\u2019t detract from the main structure\u201d<\/em><\/p>\n<p><strong><a href=\"https:\/\/ca.wikipedia.org\/wiki\/Sebasti%C3%A0_Gamund%C3%AD_Boscana\">Sebasti\u00e1n Gamund\u00ed in Wikipedia<\/a><\/strong><\/p>\n<p><strong><a href=\"http:\/\/catedraldemallorca.org\">Cathedral of Mallorca Website<\/a><\/strong><\/p>\n<\/div><\/div><\/div><\/div><\/div><\/div><\/div><\/section><section class=\"l-section wpb_row height_auto width_full\"><div class=\"l-section-h i-cf\"><div class=\"g-cols vc_row via_flex valign_top type_default stacking_default\"><div class=\"vc_col-sm-12 wpb_column vc_column_container\"><div class=\"vc_column-inner\"><div class=\"wpb_wrapper\"><div class=\"w-separator size_large with_line width_screen thick_1 style_solid color_primary align_center with_text with_content\"><div class=\"w-separator-h\"><h6 class=\"w-separator-text\"><span>Gallery<\/span><\/h6><\/div><\/div><div class=\"w-grid us_grid type_grid layout_gallery_default cols_3 preload_style_spinner\" id=\"us_grid_1\" style=\"--columns:3;\" data-filterable=\"true\"><style>@media (max-width:479px){#us_grid_1{--columns:2!important}}.layout_gallery_default .w-grid-item-h{}<\/style><div class=\"w-grid-list\">\t<article class=\"w-grid-item size_1x1 post-732 attachment type-attachment status-inherit hentry\" data-id=\"732\">\r\n\t\t<div class=\"w-grid-item-h\">\r\n\t\t\t\t\t\t\t<a ref=\"magnificPopupGrid\" href=\"https:\/\/www.sonpenyaflor.com\/wp-content\/uploads\/2017\/01\/agroturismo-son-penyaflor-mallorca-finca-sebastian-gamundi-3.jpg\" class=\"w-grid-item-anchor\" aria-label=\"agroturismo-son-penyaflor-mallorca-finca-sebastian-gamundi-3\"><\/a>\r\n\t\t\t\t\t\t<div class=\"w-post-elm post_image usg_post_image_1 stretched\"><img loading=\"lazy\" decoding=\"async\" width=\"600\" height=\"600\" src=\"https:\/\/www.sonpenyaflor.com\/wp-content\/uploads\/2017\/01\/agroturismo-son-penyaflor-mallorca-finca-sebastian-gamundi-3-600x600.jpg\" class=\"attachment-us_600_600_crop size-us_600_600_crop\" alt=\"\" srcset=\"https:\/\/www.sonpenyaflor.com\/wp-content\/uploads\/2017\/01\/agroturismo-son-penyaflor-mallorca-finca-sebastian-gamundi-3-600x600.jpg 600w, https:\/\/www.sonpenyaflor.com\/wp-content\/uploads\/2017\/01\/agroturismo-son-penyaflor-mallorca-finca-sebastian-gamundi-3-150x150.jpg 150w, https:\/\/www.sonpenyaflor.com\/wp-content\/uploads\/2017\/01\/agroturismo-son-penyaflor-mallorca-finca-sebastian-gamundi-3-350x350.jpg 350w\" sizes=\"auto, (max-width: 600px) 100vw, 600px\" \/><\/div>\t\t<\/div>\r\n\t\t\t<\/article>\r\n\t<article class=\"w-grid-item size_1x1 post-730 attachment type-attachment status-inherit hentry\" data-id=\"730\">\r\n\t\t<div class=\"w-grid-item-h\">\r\n\t\t\t\t\t\t\t<a ref=\"magnificPopupGrid\" href=\"https:\/\/www.sonpenyaflor.com\/wp-content\/uploads\/2017\/01\/agroturismo-son-penyaflor-mallorca-finca-sebastian-gamundi-1.jpg\" class=\"w-grid-item-anchor\" aria-label=\"agroturismo-son-penyaflor-mallorca-finca-sebastian-gamundi-1\"><\/a>\r\n\t\t\t\t\t\t<div class=\"w-post-elm post_image usg_post_image_1 stretched\"><img loading=\"lazy\" decoding=\"async\" width=\"600\" height=\"600\" src=\"https:\/\/www.sonpenyaflor.com\/wp-content\/uploads\/2017\/01\/agroturismo-son-penyaflor-mallorca-finca-sebastian-gamundi-1-600x600.jpg\" class=\"attachment-us_600_600_crop size-us_600_600_crop\" alt=\"\" srcset=\"https:\/\/www.sonpenyaflor.com\/wp-content\/uploads\/2017\/01\/agroturismo-son-penyaflor-mallorca-finca-sebastian-gamundi-1-600x600.jpg 600w, https:\/\/www.sonpenyaflor.com\/wp-content\/uploads\/2017\/01\/agroturismo-son-penyaflor-mallorca-finca-sebastian-gamundi-1-150x150.jpg 150w, https:\/\/www.sonpenyaflor.com\/wp-content\/uploads\/2017\/01\/agroturismo-son-penyaflor-mallorca-finca-sebastian-gamundi-1-350x350.jpg 350w\" sizes=\"auto, (max-width: 600px) 100vw, 600px\" \/><\/div>\t\t<\/div>\r\n\t\t\t<\/article>\r\n\t<article class=\"w-grid-item size_1x1 post-731 attachment type-attachment status-inherit hentry\" data-id=\"731\">\r\n\t\t<div class=\"w-grid-item-h\">\r\n\t\t\t\t\t\t\t<a ref=\"magnificPopupGrid\" href=\"https:\/\/www.sonpenyaflor.com\/wp-content\/uploads\/2017\/01\/agroturismo-son-penyaflor-mallorca-finca-sebastian-gamundi-2.jpg\" class=\"w-grid-item-anchor\" aria-label=\"agroturismo-son-penyaflor-mallorca-finca-sebastian-gamundi-2\"><\/a>\r\n\t\t\t\t\t\t<div class=\"w-post-elm post_image usg_post_image_1 stretched\"><img loading=\"lazy\" decoding=\"async\" width=\"600\" height=\"600\" src=\"https:\/\/www.sonpenyaflor.com\/wp-content\/uploads\/2017\/01\/agroturismo-son-penyaflor-mallorca-finca-sebastian-gamundi-2-600x600.jpg\" class=\"attachment-us_600_600_crop size-us_600_600_crop\" alt=\"\" srcset=\"https:\/\/www.sonpenyaflor.com\/wp-content\/uploads\/2017\/01\/agroturismo-son-penyaflor-mallorca-finca-sebastian-gamundi-2-600x600.jpg 600w, https:\/\/www.sonpenyaflor.com\/wp-content\/uploads\/2017\/01\/agroturismo-son-penyaflor-mallorca-finca-sebastian-gamundi-2-150x150.jpg 150w, https:\/\/www.sonpenyaflor.com\/wp-content\/uploads\/2017\/01\/agroturismo-son-penyaflor-mallorca-finca-sebastian-gamundi-2-350x350.jpg 350w\" sizes=\"auto, (max-width: 600px) 100vw, 600px\" \/><\/div>\t\t<\/div>\r\n\t\t\t<\/article>\r\n\t<article class=\"w-grid-item size_1x1 post-733 attachment type-attachment status-inherit hentry\" data-id=\"733\">\r\n\t\t<div class=\"w-grid-item-h\">\r\n\t\t\t\t\t\t\t<a ref=\"magnificPopupGrid\" href=\"https:\/\/www.sonpenyaflor.com\/wp-content\/uploads\/2017\/01\/agroturismo-son-penyaflor-mallorca-finca-sebastian-gamundi-4.jpg\" class=\"w-grid-item-anchor\" aria-label=\"agroturismo-son-penyaflor-mallorca-finca-sebastian-gamundi-4\"><\/a>\r\n\t\t\t\t\t\t<div class=\"w-post-elm post_image usg_post_image_1 stretched\"><img loading=\"lazy\" decoding=\"async\" width=\"600\" height=\"600\" src=\"https:\/\/www.sonpenyaflor.com\/wp-content\/uploads\/2017\/01\/agroturismo-son-penyaflor-mallorca-finca-sebastian-gamundi-4-600x600.jpg\" class=\"attachment-us_600_600_crop size-us_600_600_crop\" alt=\"\" srcset=\"https:\/\/www.sonpenyaflor.com\/wp-content\/uploads\/2017\/01\/agroturismo-son-penyaflor-mallorca-finca-sebastian-gamundi-4-600x600.jpg 600w, https:\/\/www.sonpenyaflor.com\/wp-content\/uploads\/2017\/01\/agroturismo-son-penyaflor-mallorca-finca-sebastian-gamundi-4-150x150.jpg 150w, https:\/\/www.sonpenyaflor.com\/wp-content\/uploads\/2017\/01\/agroturismo-son-penyaflor-mallorca-finca-sebastian-gamundi-4-350x350.jpg 350w\" sizes=\"auto, (max-width: 600px) 100vw, 600px\" \/><\/div>\t\t<\/div>\r\n\t\t\t<\/article>\r\n\t<article class=\"w-grid-item size_1x1 post-736 attachment type-attachment status-inherit hentry\" data-id=\"736\">\r\n\t\t<div class=\"w-grid-item-h\">\r\n\t\t\t\t\t\t\t<a ref=\"magnificPopupGrid\" href=\"https:\/\/www.sonpenyaflor.com\/wp-content\/uploads\/2017\/01\/agroturismo-son-penyaflor-mallorca-finca-sebastian-gamundi-5-b.jpg\" class=\"w-grid-item-anchor\" aria-label=\"agroturismo-son-penyaflor-mallorca-finca-sebastian-gamundi-5-b\"><\/a>\r\n\t\t\t\t\t\t<div class=\"w-post-elm post_image usg_post_image_1 stretched\"><img loading=\"lazy\" decoding=\"async\" width=\"600\" height=\"600\" src=\"https:\/\/www.sonpenyaflor.com\/wp-content\/uploads\/2017\/01\/agroturismo-son-penyaflor-mallorca-finca-sebastian-gamundi-5-b-600x600.jpg\" class=\"attachment-us_600_600_crop size-us_600_600_crop\" alt=\"\" srcset=\"https:\/\/www.sonpenyaflor.com\/wp-content\/uploads\/2017\/01\/agroturismo-son-penyaflor-mallorca-finca-sebastian-gamundi-5-b-600x600.jpg 600w, https:\/\/www.sonpenyaflor.com\/wp-content\/uploads\/2017\/01\/agroturismo-son-penyaflor-mallorca-finca-sebastian-gamundi-5-b-150x150.jpg 150w, https:\/\/www.sonpenyaflor.com\/wp-content\/uploads\/2017\/01\/agroturismo-son-penyaflor-mallorca-finca-sebastian-gamundi-5-b-350x350.jpg 350w\" sizes=\"auto, (max-width: 600px) 100vw, 600px\" \/><\/div>\t\t<\/div>\r\n\t\t\t<\/article>\r\n\t<article class=\"w-grid-item size_1x1 post-737 attachment type-attachment status-inherit hentry\" data-id=\"737\">\r\n\t\t<div class=\"w-grid-item-h\">\r\n\t\t\t\t\t\t\t<a ref=\"magnificPopupGrid\" href=\"https:\/\/www.sonpenyaflor.com\/wp-content\/uploads\/2017\/01\/agroturismo-son-penyaflor-mallorca-finca-sebastian-gamundi-6-b.jpg\" class=\"w-grid-item-anchor\" aria-label=\"agroturismo-son-penyaflor-mallorca-finca-sebastian-gamundi-6-b\"><\/a>\r\n\t\t\t\t\t\t<div class=\"w-post-elm post_image usg_post_image_1 stretched\"><img loading=\"lazy\" decoding=\"async\" width=\"600\" height=\"600\" src=\"https:\/\/www.sonpenyaflor.com\/wp-content\/uploads\/2017\/01\/agroturismo-son-penyaflor-mallorca-finca-sebastian-gamundi-6-b-600x600.jpg\" class=\"attachment-us_600_600_crop size-us_600_600_crop\" alt=\"\" srcset=\"https:\/\/www.sonpenyaflor.com\/wp-content\/uploads\/2017\/01\/agroturismo-son-penyaflor-mallorca-finca-sebastian-gamundi-6-b-600x600.jpg 600w, https:\/\/www.sonpenyaflor.com\/wp-content\/uploads\/2017\/01\/agroturismo-son-penyaflor-mallorca-finca-sebastian-gamundi-6-b-150x150.jpg 150w, https:\/\/www.sonpenyaflor.com\/wp-content\/uploads\/2017\/01\/agroturismo-son-penyaflor-mallorca-finca-sebastian-gamundi-6-b-350x350.jpg 350w\" sizes=\"auto, (max-width: 600px) 100vw, 600px\" \/><\/div>\t\t<\/div>\r\n\t\t\t<\/article>\r\n<\/div>\t<div class=\"w-grid-preloader\">\r\n\t\t<div class=\"g-preloader type_1\">\r\n\t\t\t<div><\/div>\r\n\t\t<\/div>\r\n\t<\/div>\r\n\t\t<div class=\"w-grid-json hidden\" onclick='return {&quot;action&quot;:&quot;us_ajax_grid&quot;,&quot;infinite_scroll&quot;:0,&quot;max_num_pages&quot;:1,&quot;pagination&quot;:&quot;none&quot;,&quot;template_vars&quot;:{&quot;columns&quot;:&quot;3&quot;,&quot;exclude_items&quot;:&quot;none&quot;,&quot;img_size&quot;:&quot;us_600_600_crop&quot;,&quot;ignore_items_size&quot;:0,&quot;items_layout&quot;:&quot;gallery_default&quot;,&quot;items_offset&quot;:&quot;1&quot;,&quot;load_animation&quot;:&quot;none&quot;,&quot;overriding_link&quot;:&quot;%7B%22type%22%3A%22popup_image%22%7D&quot;,&quot;post_id&quot;:0,&quot;query_args&quot;:{&quot;post_type&quot;:[&quot;attachment&quot;],&quot;post__in&quot;:[&quot;293&quot;,&quot;291&quot;,&quot;292&quot;,&quot;294&quot;,&quot;318&quot;,&quot;319&quot;],&quot;post_status&quot;:&quot;inherit&quot;,&quot;post_mime_type&quot;:&quot;image&quot;,&quot;posts_per_page&quot;:999},&quot;orderby_query_args&quot;:{&quot;orderby&quot;:{&quot;post__in&quot;:&quot;ASC&quot;},&quot;order&quot;:&quot;ASC&quot;},&quot;type&quot;:&quot;grid&quot;,&quot;us_grid_post_type&quot;:&quot;attachment&quot;,&quot;us_grid_ajax_index&quot;:1,&quot;us_grid_filter_query_string&quot;:null,&quot;us_grid_index&quot;:1,&quot;page_args&quot;:[],&quot;lang&quot;:&quot;en&quot;}}'><\/div>\r\n\t<\/div><\/div><\/div><\/div><\/div><\/div><\/section>\n","protected":false},"excerpt":{"rendered":"","protected":false},"author":1,"featured_media":0,"parent":362,"menu_order":0,"comment_status":"closed","ping_status":"closed","template":"","meta":{"footnotes":""},"class_list":["post-367","page","type-page","status-publish","hentry"],"_links":{"self":[{"href":"https:\/\/www.sonpenyaflor.com\/en\/wp-json\/wp\/v2\/pages\/367","targetHints":{"allow":["GET"]}}],"collection":[{"href":"https:\/\/www.sonpenyaflor.com\/en\/wp-json\/wp\/v2\/pages"}],"about":[{"href":"https:\/\/www.sonpenyaflor.com\/en\/wp-json\/wp\/v2\/types\/page"}],"author":[{"embeddable":true,"href":"https:\/\/www.sonpenyaflor.com\/en\/wp-json\/wp\/v2\/users\/1"}],"replies":[{"embeddable":true,"href":"https:\/\/www.sonpenyaflor.com\/en\/wp-json\/wp\/v2\/comments?post=367"}],"version-history":[{"count":4,"href":"https:\/\/www.sonpenyaflor.com\/en\/wp-json\/wp\/v2\/pages\/367\/revisions"}],"predecessor-version":[{"id":655,"href":"https:\/\/www.sonpenyaflor.com\/en\/wp-json\/wp\/v2\/pages\/367\/revisions\/655"}],"up":[{"embeddable":true,"href":"https:\/\/www.sonpenyaflor.com\/en\/wp-json\/wp\/v2\/pages\/362"}],"wp:attachment":[{"href":"https:\/\/www.sonpenyaflor.com\/en\/wp-json\/wp\/v2\/media?parent=367"}],"curies":[{"name":"wp","href":"https:\/\/api.w.org\/{rel}","templated":true}]}}